{"id":5090,"date":"2022-12-12T09:39:40","date_gmt":"2022-12-12T08:39:40","guid":{"rendered":"https:\/\/krill.berlin\/?post_type=product&#038;p=5090"},"modified":"2025-07-28T10:36:07","modified_gmt":"2025-07-28T08:36:07","slug":"basic-tee","status":"publish","type":"product","link":"https:\/\/krill.berlin\/en\/product\/basic-tee\/","title":{"rendered":"Basic Tee"},"content":{"rendered":"<h3 class=\"h4\"><strong>Description:<\/strong><\/h3>\n<p>Our body-hugging t-shirt with short sleeves and crew-neck.<br \/>\nEasy to wear and also perfectly suitable for sports activities.<br \/>\nAvailable in many colors and color combinations.<\/p>\n<p>We recommend you to choose one size bigger.<\/p>\n    <p class=\"design-info\">\n      <span class=\"is-lang-de\">Designed und gefertigt in Berlin.<\/span>\n      <span class=\"is-lang-en\">Designed and manufactured in Berlin.<\/span>\n    <\/p>\n  \n<h3 class=\"h4\"><strong>Fit:<\/strong><\/h3>\n<div class=\"sizeguide \">\n    <table class=\"fitting-table\">\n    <tbody>\n      <tr>\n        <th><strong>Size Guide<\/strong><\/th>\n        <th>S<\/th>\n        <th>M<\/th>\n        <th>L<\/th>\n        <th>XL<\/th>\n      <\/tr>\n      <tr>\n        <td>\n          <strong>1<\/strong>\n          <span class=\"is-lang-de\">Brustumfang<\/span>\n          <span class=\"is-lang-en\">Chest circumference<\/span>\n        <\/td>\n        <td>ca. 86 cm<\/td>\n        <td>ca. 90 cm<\/td>\n        <td>ca. 94 cm<\/td>\n        <td>ca. 98 cm<\/td>\n      <\/tr>\n<!--\n      <tr>\n        <td>\n          <strong>2<\/strong>\n          <span class=\"is-lang-de\">Taillenumfang<\/span>\n          <span class=\"is-lang-en\">Waist circumference<\/span>\n        <\/td>\n        <td>ca. 66 cm<\/td>\n        <td>ca. 70 cm<\/td>\n        <td>ca. 74 cm<\/td>\n        <td>ca. 78 cm<\/td>\n      <\/tr>\n-->\n      <tr>\n        <td>\n          <strong>3<\/strong>\n          <span class=\"is-lang-de\">H\u00fcftumfang<\/span>\n          <span class=\"is-lang-en\">Hip size<\/span>\n        <\/td>\n        <td>ca. 92 cm<\/td>\n        <td>ca. 96 cm<\/td>\n        <td>ca. 100 cm<\/td>\n        <td>ca. 104 cm<\/td>\n      <\/tr>\n      <tr>\n        <td>\n          <strong>4<\/strong>\n          <span class=\"is-lang-de\">L\u00e4nge vordere Mitte<\/span>\n          <span class=\"is-lang-en\">Front length<\/span>\n        <\/td>\n        <td>ca. 52 cm<\/td>\n        <td>ca. 52 cm<\/td>\n        <td>ca. 54 cm<\/td>\n        <td>ca. 55 cm<\/td>\n      <\/tr>\n      <tr>\n        <td>\n          <strong>5<\/strong>\n          <span class=\"is-lang-de\">\u00c4u\u00dfere Arml\u00e4nge<\/span>\n          <span class=\"is-lang-en\">Outer arm length<\/span>\n        <\/td>\n        <td>ca. 18 cm<\/td>\n        <td>ca. 19 cm<\/td>\n        <td>ca. 20 cm<\/td>\n        <td>ca. 21 cm<\/td>\n      <\/tr>\n    <\/tbody>\n  <\/table>\n  <img decoding=\"async\" class=\"alignnone size-half\" src=\"https:\/\/krill.berlin\/wp-content\/themes\/kona-child\/assets\/img\/passform\/220718_Passform_Basic-Color-Tee.svg\" alt=\"Size Guide: Basic Color Tee\" \/>\n  \n<\/div>\n\n<h3 class=\"h4\"><strong>Material:<\/strong><\/h3>\n<p>93% organic cotton, 7% elastane.<\/p>\n<h3 class=\"h4\"><strong>Care instructions:<\/strong><\/h3>\n<p>30\u00b0 gentle wash, use mild detergent, do not bleach, iron at low temperature, do not tumble dry. We do not recommend dry cleaning.<\/p>\n","protected":false},"excerpt":{"rendered":"<p>Description: Our body-hugging t-shirt with short sleeves and crew-neck. Easy to wear and also perfectly suitable for sports activities. Available in many colors and color combinations. We recommend you to choose one size bigger. Fit: Material: 93% organic cotton, 7% elastane. Care instructions: 30\u00b0 gentle wash, use mild detergent, do not bleach, iron at low [&hellip;]<\/p>\n","protected":false},"featured_media":2430,"template":"","meta":[],"product_brand":[],"product_cat":[540,596,342],"product_tag":[],"class_list":{"0":"post-5090","1":"product","2":"type-product","3":"status-publish","4":"has-post-thumbnail","6":"product_cat-krill-berlin-en","7":"product_cat-tees-and-tops-en","8":"product_cat-new-in-en","9":"shop-item","10":"isotope-item","12":"first","13":"instock","14":"taxable","15":"shipping-taxable","16":"purchasable","17":"product-type-variable","18":"has-default-attributes"},"_links":{"self":[{"href":"https:\/\/krill.berlin\/en\/wp-json\/wp\/v2\/product\/5090","targetHints":{"allow":["GET"]}}],"collection":[{"href":"https:\/\/krill.berlin\/en\/wp-json\/wp\/v2\/product"}],"about":[{"href":"https:\/\/krill.berlin\/en\/wp-json\/wp\/v2\/types\/product"}],"wp:featuredmedia":[{"embeddable":true,"href":"https:\/\/krill.berlin\/en\/wp-json\/wp\/v2\/media\/2430"}],"wp:attachment":[{"href":"https:\/\/krill.berlin\/en\/wp-json\/wp\/v2\/media?parent=5090"}],"wp:term":[{"taxonomy":"product_brand","embeddable":true,"href":"https:\/\/krill.berlin\/en\/wp-json\/wp\/v2\/product_brand?post=5090"},{"taxonomy":"product_cat","embeddable":true,"href":"https:\/\/krill.berlin\/en\/wp-json\/wp\/v2\/product_cat?post=5090"},{"taxonomy":"product_tag","embeddable":true,"href":"https:\/\/krill.berlin\/en\/wp-json\/wp\/v2\/product_tag?post=5090"}],"curies":[{"name":"wp","href":"https:\/\/api.w.org\/{rel}","templated":true}]}}