{"id":4930,"date":"2022-12-11T13:31:07","date_gmt":"2022-12-11T12:31:07","guid":{"rendered":"https:\/\/krill.berlin\/product\/color-jumper-edition-one-bluish\/"},"modified":"2022-12-11T13:48:49","modified_gmt":"2022-12-11T12:48:49","slug":"color-jumper-edition-one-bluish","status":"publish","type":"product","link":"https:\/\/krill.berlin\/en\/product\/color-jumper-edition-one-bluish\/","title":{"rendered":"Color Jumper &#8211; Edition One &#8211; Bluish"},"content":{"rendered":"<h3 class=\"h4\"><strong>Description:<\/strong><\/h3>\n<p>A unisex sweater collection that plays with colors. Loose to wide cut in an oversize look, wide dropped shoulders and long sleeves. Made from soft, flowing French terry.<\/p>\n    <p class=\"design-info\">\n      <span class=\"is-lang-de\">Designed und gefertigt in Berlin.<\/span>\n      <span class=\"is-lang-en\">Designed and manufactured in Berlin.<\/span>\n    <\/p>\n  \n<h3><strong>Fit:<\/strong><\/h3>\n<p>Choose your size based on the length of your arm and torso. We always recommend to take one size smaller.<\/p>\n<div class=\"sizeguide \">\n    <table class=\"fitting-table\">\n    <tbody>\n      <tr>\n        <th><strong>Size Guide<\/strong><\/th>\n        <th>S<\/th>\n        <th>M<\/th>\n        <th>L<\/th>\n      <\/tr>\n      <tr>\n        <td>\n          <strong>1<\/strong>\n          <span class=\"is-lang-de\">L\u00e4nge vordere Mitte<\/span>\n          <span class=\"is-lang-en\">Front length<\/span>\n        <\/td>\n        <td>ca. 55 cm<\/td>\n        <td>ca. 60 cm<\/td>\n        <td>ca. 65 cm<\/td>\n      <\/tr>\n      <tr>\n        <td>\n          <strong>2<\/strong>\n          <span class=\"is-lang-de\">L\u00e4nge hintere Mitte<\/span>\n          <span class=\"is-lang-en\">Back length<\/span>\n        <\/td>\n        <td>ca. 61 cm<\/td>\n        <td>ca. 65 cm<\/td>\n        <td>ca. 70 cm<\/td>\n      <\/tr>\n      <tr>\n        <td>\n          <strong>3<\/strong>\n          <span class=\"is-lang-de\">\u00c4u\u00dfere Arml\u00e4nge inkl. Schulter<\/span> \n          <span class=\"is-lang-en\">Outer arm length incl. shoulder<\/span>\n        <\/td>\n        <td>ca. 79 cm<\/td>\n        <td>ca. 82 cm<\/td>\n        <td>ca. 85 cm<\/td>\n      <\/tr>\n      <tr>\n        <td>\n          <strong>4<\/strong>\n          <span class=\"is-lang-de\">Saumbundweite<\/span>\n          <span class=\"is-lang-en\">Hemband width<\/span>\n        <\/td>\n        <td>ca. 98 cm<\/td>\n        <td>ca. 108 cm<\/td>\n        <td>ca. 118 cm<\/td>\n      <\/tr>\n<!--\n      <tr>\n        <td>\n          <strong>5<\/strong>\n          <span class=\"is-lang-de\">Brustumfang<\/span>\n          <span class=\"is-lang-en\">Chest circumference<\/span>\n        <\/td>\n        <td>ca. xx cm<\/td>\n        <td>ca. xx cm<\/td>\n        <td>ca. xx cm<\/td>\n      <\/tr>\n-->\n    <\/tbody>\n  <\/table>\n  <img decoding=\"async\" class=\"alignnone size-large\" src=\"https:\/\/krill.berlin\/wp-content\/themes\/kona-child\/assets\/img\/passform\/220922_Passform_Color-Jumper.svg\" alt=\"Size Guide: Color Jumper\" \/>\n  \n<\/div>\n\n<h3><strong>Material:<\/strong><\/h3>\n<p>96% organic cotton, 4% elastane.<\/p>\n<h3 class=\"h4\"><strong>Care instructions:<\/strong><\/h3>\n<p>30\u00b0 gentle wash, use mild detergent, do not bleach, iron at low temperature, do not tumble dry. We do not recommend dry cleaning.<\/p>\n","protected":false},"excerpt":{"rendered":"<p>Size: S<\/p>\n<p>Front and back: blue-gray, sleeves: copper red, neck: royal blue, hem: dark blue, cuffs: light slate gray<\/p>\n","protected":false},"featured_media":2185,"template":"","meta":[],"product_brand":[],"product_cat":[540,592],"product_tag":[],"class_list":{"0":"post-4930","1":"product","2":"type-product","3":"status-publish","4":"has-post-thumbnail","6":"product_cat-krill-berlin-en","7":"product_cat-jumpers-en","8":"shop-item","9":"isotope-item","11":"first","12":"instock","13":"sale","14":"taxable","15":"shipping-taxable","16":"purchasable","17":"product-type-simple"},"_links":{"self":[{"href":"https:\/\/krill.berlin\/en\/wp-json\/wp\/v2\/product\/4930","targetHints":{"allow":["GET"]}}],"collection":[{"href":"https:\/\/krill.berlin\/en\/wp-json\/wp\/v2\/product"}],"about":[{"href":"https:\/\/krill.berlin\/en\/wp-json\/wp\/v2\/types\/product"}],"wp:featuredmedia":[{"embeddable":true,"href":"https:\/\/krill.berlin\/en\/wp-json\/wp\/v2\/media\/2185"}],"wp:attachment":[{"href":"https:\/\/krill.berlin\/en\/wp-json\/wp\/v2\/media?parent=4930"}],"wp:term":[{"taxonomy":"product_brand","embeddable":true,"href":"https:\/\/krill.berlin\/en\/wp-json\/wp\/v2\/product_brand?post=4930"},{"taxonomy":"product_cat","embeddable":true,"href":"https:\/\/krill.berlin\/en\/wp-json\/wp\/v2\/product_cat?post=4930"},{"taxonomy":"product_tag","embeddable":true,"href":"https:\/\/krill.berlin\/en\/wp-json\/wp\/v2\/product_tag?post=4930"}],"curies":[{"name":"wp","href":"https:\/\/api.w.org\/{rel}","templated":true}]}}