{"id":4324,"date":"2021-12-30T14:18:17","date_gmt":"2021-12-30T13:18:17","guid":{"rendered":"https:\/\/krill.berlin\/product\/color-jumper-cuddly-edition\/"},"modified":"2025-07-28T10:36:31","modified_gmt":"2025-07-28T08:36:31","slug":"color-jumper-cuddly-edition","status":"publish","type":"product","link":"https:\/\/krill.berlin\/en\/product\/color-jumper-cuddly-edition\/","title":{"rendered":"Color Jumper &#8211; Cuddly Edition"},"content":{"rendered":"<h3 class=\"h4\"><strong>Description:<\/strong><\/h3>\n<p>A unisex sweater collection that plays with colors. Loose to wide cut in an oversize look, wide dropped shoulders and long sleeves. Made from cuddly soft French terry.<\/p>\n<p>In picture three, the dummy wears size L.<\/p>\n    <p class=\"design-info\">\n      <span class=\"is-lang-de\">Designed und gefertigt in Berlin.<\/span>\n      <span class=\"is-lang-en\">Designed and manufactured in Berlin.<\/span>\n    <\/p>\n  \n<h3>Fit:<\/h3>\n<p>Choose your size based on the length of your arm and torso. We always recommend to take one size smaller.<\/p>\n<div class=\"sizeguide \">\n    <table class=\"fitting-table\">\n    <tbody>\n      <tr>\n        <th><strong>Size Guide<\/strong><\/th>\n        <th>S<\/th>\n        <th>M<\/th>\n        <th>L<\/th>\n      <\/tr>\n      <tr>\n        <td>\n          <strong>1<\/strong>\n          <span class=\"is-lang-de\">L\u00e4nge vordere Mitte<\/span>\n          <span class=\"is-lang-en\">Front length<\/span>\n        <\/td>\n        <td>ca. 55 cm<\/td>\n        <td>ca. 60 cm<\/td>\n        <td>ca. 65 cm<\/td>\n      <\/tr>\n      <tr>\n        <td>\n          <strong>2<\/strong>\n          <span class=\"is-lang-de\">L\u00e4nge hintere Mitte<\/span>\n          <span class=\"is-lang-en\">Back length<\/span>\n        <\/td>\n        <td>ca. 61 cm<\/td>\n        <td>ca. 65 cm<\/td>\n        <td>ca. 70 cm<\/td>\n      <\/tr>\n      <tr>\n        <td>\n          <strong>3<\/strong>\n          <span class=\"is-lang-de\">\u00c4u\u00dfere Arml\u00e4nge inkl. Schulter<\/span> \n          <span class=\"is-lang-en\">Outer arm length incl. shoulder<\/span>\n        <\/td>\n        <td>ca. 79 cm<\/td>\n        <td>ca. 82 cm<\/td>\n        <td>ca. 85 cm<\/td>\n      <\/tr>\n      <tr>\n        <td>\n          <strong>4<\/strong>\n          <span class=\"is-lang-de\">Saumbundweite<\/span>\n          <span class=\"is-lang-en\">Hemband width<\/span>\n        <\/td>\n        <td>ca. 98 cm<\/td>\n        <td>ca. 108 cm<\/td>\n        <td>ca. 118 cm<\/td>\n      <\/tr>\n<!--\n      <tr>\n        <td>\n          <strong>5<\/strong>\n          <span class=\"is-lang-de\">Brustumfang<\/span>\n          <span class=\"is-lang-en\">Chest circumference<\/span>\n        <\/td>\n        <td>ca. xx cm<\/td>\n        <td>ca. xx cm<\/td>\n        <td>ca. xx cm<\/td>\n      <\/tr>\n-->\n    <\/tbody>\n  <\/table>\n  <img decoding=\"async\" class=\"alignnone size-large\" src=\"https:\/\/krill.berlin\/wp-content\/themes\/kona-child\/assets\/img\/passform\/220922_Passform_Color-Jumper.svg\" alt=\"Size Guide: Color Jumper\" \/>\n  \n<\/div>\n\n<h3 class=\"h4\"><strong>Material:<\/strong><\/h3>\n<p>96% organic cotton, 4% elastane.<\/p>\n<h3 class=\"h4\"><strong>Care instructions:<\/strong><\/h3>\n<p>30\u00b0 gentle wash, use mild detergent, do not bleach, iron at low temperature, iron print inside out, do not tumble dry. We do not recommend dry cleaning.<\/p>\n","protected":false},"excerpt":{"rendered":"<p>Description: A unisex sweater collection that plays with colors. Loose to wide cut in an oversize look, wide dropped shoulders and long sleeves. Made from cuddly soft French terry. In picture three, the dummy wears size L. Fit: Choose your size based on the length of your arm and torso. We always recommend to take [&hellip;]<\/p>\n","protected":false},"featured_media":6604,"template":"","meta":[],"product_brand":[],"product_cat":[592,612,342,540],"product_tag":[],"class_list":{"0":"post-4324","1":"product","2":"type-product","3":"status-publish","4":"has-post-thumbnail","6":"product_cat-jumpers-en","7":"product_cat-export-en","8":"product_cat-new-in-en","9":"product_cat-krill-berlin-en","10":"shop-item","11":"isotope-item","13":"first","14":"instock","15":"taxable","16":"shipping-taxable","17":"purchasable","18":"product-type-variable","19":"has-default-attributes"},"_links":{"self":[{"href":"https:\/\/krill.berlin\/en\/wp-json\/wp\/v2\/product\/4324","targetHints":{"allow":["GET"]}}],"collection":[{"href":"https:\/\/krill.berlin\/en\/wp-json\/wp\/v2\/product"}],"about":[{"href":"https:\/\/krill.berlin\/en\/wp-json\/wp\/v2\/types\/product"}],"wp:featuredmedia":[{"embeddable":true,"href":"https:\/\/krill.berlin\/en\/wp-json\/wp\/v2\/media\/6604"}],"wp:attachment":[{"href":"https:\/\/krill.berlin\/en\/wp-json\/wp\/v2\/media?parent=4324"}],"wp:term":[{"taxonomy":"product_brand","embeddable":true,"href":"https:\/\/krill.berlin\/en\/wp-json\/wp\/v2\/product_brand?post=4324"},{"taxonomy":"product_cat","embeddable":true,"href":"https:\/\/krill.berlin\/en\/wp-json\/wp\/v2\/product_cat?post=4324"},{"taxonomy":"product_tag","embeddable":true,"href":"https:\/\/krill.berlin\/en\/wp-json\/wp\/v2\/product_tag?post=4324"}],"curies":[{"name":"wp","href":"https:\/\/api.w.org\/{rel}","templated":true}]}}