{"id":4259,"date":"2021-12-30T15:04:25","date_gmt":"2021-12-30T14:04:25","guid":{"rendered":"https:\/\/krill.berlin\/product\/teddy-jumper\/"},"modified":"2025-07-28T10:38:57","modified_gmt":"2025-07-28T08:38:57","slug":"teddy-jumper","status":"publish","type":"product","link":"https:\/\/krill.berlin\/en\/product\/teddy-jumper\/","title":{"rendered":"Teddy Jumper"},"content":{"rendered":"<h3 class=\"h4\"><strong>Description:<\/strong><\/h3>\n<p>The Teddy Jumper in cropped oversize look has wide shoulders, long sleeves with extra wide cuffs.<\/p>\n    <p class=\"design-info\">\n      <span class=\"is-lang-de\">Designed und gefertigt in Berlin.<\/span>\n      <span class=\"is-lang-en\">Designed and manufactured in Berlin.<\/span>\n    <\/p>\n  \n<h3>Fit:<\/h3>\n<div class=\"sizeguide \">\n    <table class=\"fitting-table\">\n    <tbody>\n      <tr>\n        <th><strong>Size Guide<\/strong><\/th>\n        <th>S<\/th>\n        <th>M<\/th>\n        <th>L<\/th>\n      <\/tr>\n      <tr>\n        <td>\n          <strong>1<\/strong>\n          <span class=\"is-lang-de\">Brustumfang<\/span>\n          <span class=\"is-lang-en\">Chest circumference<\/span>\n        <\/td>\n        <td>ca. 66 cm<\/td>\n        <td>ca. 71 cm<\/td>\n        <td>ca. 76 cm<\/td>\n      <\/tr>\n      <tr>\n        <td>\n          <strong>2<\/strong>\n          <span class=\"is-lang-de\">H\u00fcftumfang<\/span>\n          <span class=\"is-lang-en\">Hip size<\/span>\n        <\/td>\n        <td>ca. 47 cm<\/td>\n        <td>ca. 51,5 cm<\/td>\n        <td>ca. 57 cm<\/td>\n      <\/tr>\n      <tr>\n        <td>\n          <strong>3<\/strong>\n          <span class=\"is-lang-de\">L\u00e4nge vordere Mitte<\/span>\n          <span class=\"is-lang-en\">Front length<\/span>\n        <\/td>\n        <td>ca. 48 cm<\/td>\n        <td>ca. 54 cm<\/td>\n        <td>ca. 58 cm<\/td>\n      <\/tr>\n      <tr>\n        <td>\n          <strong>4<\/strong>\n          <span class=\"is-lang-de\">\u00c4u\u00dfere Arml\u00e4nge<\/span>\n          <span class=\"is-lang-en\">Outer arm length<\/span>\n        <\/td>\n        <td>ca. 74 cm<\/td>\n        <td>ca. 77 cm<\/td>\n        <td>ca. 80 cm<\/td>\n      <\/tr>\n    <\/tbody>\n  <\/table>\n  <img decoding=\"async\" class=\"alignnone size-half\" src=\"https:\/\/krill.berlin\/wp-content\/themes\/kona-child\/assets\/img\/passform\/220718_Passform_Nicky-Teddy-Jumper.svg\" alt=\"Size Guide: Nicky \/ Teddy Jumper\" \/>\n  \n<\/div>\n\n<h3 class=\"h4\"><strong>Material:<\/strong><\/h3>\n<p>100% organic cotton.<\/p>\n<h3 class=\"h4\"><strong>Care instructions:<\/strong><\/h3>\n<p>30\u00b0 gentle wash, use mild detergent, do not bleach, iron at low temperature, do not tumble dry. We do not recommend dry cleaning.<\/p>\n","protected":false},"excerpt":{"rendered":"<p>Description: The Teddy Jumper in cropped oversize look has wide shoulders, long sleeves with extra wide cuffs. Fit: Material: 100% organic cotton. Care instructions: 30\u00b0 gentle wash, use mild detergent, do not bleach, iron at low temperature, do not tumble dry. We do not recommend dry cleaning.<\/p>\n","protected":false},"featured_media":2429,"template":"","meta":[],"product_brand":[],"product_cat":[628,342,540,592],"product_tag":[],"class_list":{"0":"post-4259","1":"product","2":"type-product","3":"status-publish","4":"has-post-thumbnail","6":"product_cat-teddy-en","7":"product_cat-new-in-en","8":"product_cat-krill-berlin-en","9":"product_cat-jumpers-en","10":"shop-item","11":"isotope-item","13":"first","14":"instock","15":"taxable","16":"shipping-taxable","17":"purchasable","18":"product-type-variable","19":"has-default-attributes"},"_links":{"self":[{"href":"https:\/\/krill.berlin\/en\/wp-json\/wp\/v2\/product\/4259","targetHints":{"allow":["GET"]}}],"collection":[{"href":"https:\/\/krill.berlin\/en\/wp-json\/wp\/v2\/product"}],"about":[{"href":"https:\/\/krill.berlin\/en\/wp-json\/wp\/v2\/types\/product"}],"wp:featuredmedia":[{"embeddable":true,"href":"https:\/\/krill.berlin\/en\/wp-json\/wp\/v2\/media\/2429"}],"wp:attachment":[{"href":"https:\/\/krill.berlin\/en\/wp-json\/wp\/v2\/media?parent=4259"}],"wp:term":[{"taxonomy":"product_brand","embeddable":true,"href":"https:\/\/krill.berlin\/en\/wp-json\/wp\/v2\/product_brand?post=4259"},{"taxonomy":"product_cat","embeddable":true,"href":"https:\/\/krill.berlin\/en\/wp-json\/wp\/v2\/product_cat?post=4259"},{"taxonomy":"product_tag","embeddable":true,"href":"https:\/\/krill.berlin\/en\/wp-json\/wp\/v2\/product_tag?post=4259"}],"curies":[{"name":"wp","href":"https:\/\/api.w.org\/{rel}","templated":true}]}}