{"id":2770,"date":"2022-05-28T12:20:00","date_gmt":"2022-05-28T10:20:00","guid":{"rendered":"https:\/\/shop.krill.berlin\/?post_type=product&#038;p=2770"},"modified":"2025-07-28T16:52:38","modified_gmt":"2025-07-28T14:52:38","slug":"easy-summer-skirt","status":"publish","type":"product","link":"https:\/\/krill.berlin\/en\/product\/easy-summer-skirt\/","title":{"rendered":"Easy Summer Skirt"},"content":{"rendered":"<h3 class=\"h4\"><strong>Beschreibung:<\/strong><\/h3>\n<p>Minimalistischer unifarbener Rock mit breiterem Gummibund aus Bio-Musselin in matter Optik.<\/p>\n    <p class=\"design-info\">\n      <span class=\"is-lang-de\">Designed und gefertigt in Berlin.<\/span>\n      <span class=\"is-lang-en\">Designed and manufactured in Berlin.<\/span>\n    <\/p>\n  \n<h3>Passform:<\/h3>\n<div class=\"sizeguide \">\n    <table class=\"fitting-table\">\n    <tbody>\n      <tr>\n        <th><strong>Size Guide<\/strong><\/th>\n        <th>S<\/th>\n        <th>M<\/th>\n        <th>L<\/th>\n      <\/tr>\n      <tr>\n        <td>\n          <span class=\"is-lang-de\">Bundweite von bis max.<\/span>\n          <span class=\"is-lang-en\">Waistband width from to max.<\/span>\n        <\/td>\n        <td>ca. 68 \u2013 85 cm<\/td>\n        <td>ca. 72 \u2013 100 cm<\/td>\n        <td>ca. 76 \u2013 115 cm<\/td>\n      <\/tr>\n      <tr>\n        <td>\n          <span class=\"is-lang-de\">L\u00e4nge<\/span>\n          <span class=\"is-lang-en\">Length<\/span>\n        <\/td>\n        <td>ca. 73 cm<\/td>\n        <td>ca. 77 cm<\/td>\n        <td>ca. 81 cm<\/td>\n      <\/tr>\n    <\/tbody>\n  <\/table>\n<!--   <img decoding=\"async\" class=\"alignnone size-half\" src=\"https:\/\/krill.berlin\/wp-content\/themes\/kona-child\/assets\/img\/passform\/220718_Passform_Sweater-Blouse.svg\" alt=\"Size Guide: Sweater Blouse\" \/> -->\n  \n<\/div>\n\n<h3><strong>Material:<\/strong><\/h3>\n<p>100% Biobaumwolle.<\/p>\n<h3 class=\"h4\"><strong>Pflegehinweise:<\/strong><\/h3>\n<p>30\u00b0 Feinw\u00e4sche, mildes Waschmittel, nicht bleichen, b\u00fcgeln auf niedriger Temperatur, nicht chemisch reinigen, nicht in den Trockner. H\u00e4ngend trocknen.<\/p>\n","protected":false},"excerpt":{"rendered":"<p>Beschreibung: Minimalistischer unifarbener Rock mit breiterem Gummibund aus Bio-Musselin in matter Optik. Passform: Material: 100% Biobaumwolle. Pflegehinweise: 30\u00b0 Feinw\u00e4sche, mildes Waschmittel, nicht bleichen, b\u00fcgeln auf niedriger Temperatur, nicht chemisch reinigen, nicht in den Trockner. H\u00e4ngend trocknen.<\/p>\n","protected":false},"featured_media":7359,"template":"","meta":[],"product_brand":[],"product_cat":[16,638,539,582],"product_tag":[],"class_list":{"0":"post-2770","1":"product","2":"type-product","3":"status-publish","4":"has-post-thumbnail","6":"product_cat-new-in","7":"product_cat-ss25","8":"product_cat-krill-berlin","9":"product_cat-skirts","10":"shop-item","11":"isotope-item","13":"first","14":"instock","15":"taxable","16":"shipping-taxable","17":"purchasable","18":"product-type-variable","19":"has-default-attributes"},"_links":{"self":[{"href":"https:\/\/krill.berlin\/en\/wp-json\/wp\/v2\/product\/2770","targetHints":{"allow":["GET"]}}],"collection":[{"href":"https:\/\/krill.berlin\/en\/wp-json\/wp\/v2\/product"}],"about":[{"href":"https:\/\/krill.berlin\/en\/wp-json\/wp\/v2\/types\/product"}],"wp:featuredmedia":[{"embeddable":true,"href":"https:\/\/krill.berlin\/en\/wp-json\/wp\/v2\/media\/7359"}],"wp:attachment":[{"href":"https:\/\/krill.berlin\/en\/wp-json\/wp\/v2\/media?parent=2770"}],"wp:term":[{"taxonomy":"product_brand","embeddable":true,"href":"https:\/\/krill.berlin\/en\/wp-json\/wp\/v2\/product_brand?post=2770"},{"taxonomy":"product_cat","embeddable":true,"href":"https:\/\/krill.berlin\/en\/wp-json\/wp\/v2\/product_cat?post=2770"},{"taxonomy":"product_tag","embeddable":true,"href":"https:\/\/krill.berlin\/en\/wp-json\/wp\/v2\/product_tag?post=2770"}],"curies":[{"name":"wp","href":"https:\/\/api.w.org\/{rel}","templated":true}]}}