{"id":2760,"date":"2022-05-28T12:09:04","date_gmt":"2022-05-28T10:09:04","guid":{"rendered":"https:\/\/shop.krill.berlin\/?post_type=product&#038;p=2760"},"modified":"2025-07-28T10:37:54","modified_gmt":"2025-07-28T08:37:54","slug":"maxi-tulle-skirt","status":"publish","type":"product","link":"https:\/\/krill.berlin\/en\/product\/maxi-tulle-skirt\/","title":{"rendered":"Maxi Tulle Skirt"},"content":{"rendered":"<h3 class=\"h4\"><strong>Beschreibung:<\/strong><\/h3>\n<p>Langer weiter Rock aus weich flie\u00dfendem Bio-Baumwollt\u00fcll mit schmalem Gummibund und breiter, farblich abgesetzter gerader Saumpartie. Teilweise auf rechts gesetzte N\u00e4hte.<\/p>\n<p>Mit k\u00fcrzerem Unterrock aus Baumwolle.<\/p>\n    <p class=\"design-info\">\n      <span class=\"is-lang-de\">Designed und gefertigt in Berlin.<\/span>\n      <span class=\"is-lang-en\">Designed and manufactured in Berlin.<\/span>\n    <\/p>\n  \n<h3><strong>Material:<\/strong><\/h3>\n<p>100% Biobaumwolle.<\/p>\n<h3 class=\"h4\"><strong>Pflegehinweise:<\/strong><\/h3>\n<p>30\u00b0 Handw\u00e4sche, mildes Waschmittel verwenden, nicht bleichen, b\u00fcgeln auf niedriger Temperatur, nicht trocknergeeignet. Die chemische Reinigung empfehlen wir nicht<\/p>\n","protected":false},"excerpt":{"rendered":"<p>Beschreibung: Langer weiter Rock aus weich flie\u00dfendem Bio-Baumwollt\u00fcll mit schmalem Gummibund und breiter, farblich abgesetzter gerader Saumpartie. Teilweise auf rechts gesetzte N\u00e4hte. Mit k\u00fcrzerem Unterrock aus Baumwolle. Material: 100% Biobaumwolle. Pflegehinweise: 30\u00b0 Handw\u00e4sche, mildes Waschmittel verwenden, nicht bleichen, b\u00fcgeln auf niedriger Temperatur, nicht trocknergeeignet. Die chemische Reinigung empfehlen wir nicht<\/p>\n","protected":false},"featured_media":5653,"template":"","meta":[],"product_brand":[],"product_cat":[539,582,16],"product_tag":[],"class_list":{"0":"post-2760","1":"product","2":"type-product","3":"status-publish","4":"has-post-thumbnail","6":"product_cat-krill-berlin","7":"product_cat-skirts","8":"product_cat-new-in","9":"shop-item","10":"isotope-item","12":"first","13":"instock","14":"taxable","15":"shipping-taxable","16":"purchasable","17":"product-type-variable","18":"has-default-attributes"},"_links":{"self":[{"href":"https:\/\/krill.berlin\/en\/wp-json\/wp\/v2\/product\/2760","targetHints":{"allow":["GET"]}}],"collection":[{"href":"https:\/\/krill.berlin\/en\/wp-json\/wp\/v2\/product"}],"about":[{"href":"https:\/\/krill.berlin\/en\/wp-json\/wp\/v2\/types\/product"}],"wp:featuredmedia":[{"embeddable":true,"href":"https:\/\/krill.berlin\/en\/wp-json\/wp\/v2\/media\/5653"}],"wp:attachment":[{"href":"https:\/\/krill.berlin\/en\/wp-json\/wp\/v2\/media?parent=2760"}],"wp:term":[{"taxonomy":"product_brand","embeddable":true,"href":"https:\/\/krill.berlin\/en\/wp-json\/wp\/v2\/product_brand?post=2760"},{"taxonomy":"product_cat","embeddable":true,"href":"https:\/\/krill.berlin\/en\/wp-json\/wp\/v2\/product_cat?post=2760"},{"taxonomy":"product_tag","embeddable":true,"href":"https:\/\/krill.berlin\/en\/wp-json\/wp\/v2\/product_tag?post=2760"}],"curies":[{"name":"wp","href":"https:\/\/api.w.org\/{rel}","templated":true}]}}