{"id":2539,"date":"2022-01-19T14:54:08","date_gmt":"2022-01-19T13:54:08","guid":{"rendered":"https:\/\/shop.krill.berlin\/stockists\/"},"modified":"2025-03-31T22:48:52","modified_gmt":"2025-03-31T20:48:52","slug":"local-stores","status":"publish","type":"page","link":"https:\/\/krill.berlin\/en\/local-stores\/","title":{"rendered":"Local Stores"},"content":{"rendered":"\n<p>Here you can find us at the moment<\/p>\n\n\n\n<div style=\"height:40px\" aria-hidden=\"true\" class=\"wp-block-spacer\"><\/div>\n\n\n\n<div class=\"wp-block-columns hide is-layout-flex wp-container-core-columns-is-layout-9d6595d7 wp-block-columns-is-layout-flex\">\n<div class=\"wp-block-column is-layout-flow wp-block-column-is-layout-flow\">\n<figure class=\"wp-block-image size-full\"><img loading=\"lazy\" decoding=\"async\" width=\"720\" height=\"450\" src=\"https:\/\/krill.berlin\/wp-content\/uploads\/2022\/05\/studio-krill-berlin-shop.jpg\" alt=\"\" class=\"wp-image-2854\" srcset=\"https:\/\/krill.berlin\/wp-content\/uploads\/2022\/05\/studio-krill-berlin-shop.jpg 720w, https:\/\/krill.berlin\/wp-content\/uploads\/2022\/05\/studio-krill-berlin-shop-600x375.jpg 600w, https:\/\/krill.berlin\/wp-content\/uploads\/2022\/05\/studio-krill-berlin-shop-300x188.jpg 300w, https:\/\/krill.berlin\/wp-content\/uploads\/2022\/05\/studio-krill-berlin-shop-160x100.jpg 160w, https:\/\/krill.berlin\/wp-content\/uploads\/2022\/05\/studio-krill-berlin-shop-220x138.jpg 220w, https:\/\/krill.berlin\/wp-content\/uploads\/2022\/05\/studio-krill-berlin-shop-640x400.jpg 640w\" sizes=\"auto, (max-width: 720px) 100vw, 720px\" \/><\/figure>\n\n\n\n<h2 class=\"wp-block-heading h3\">STUDiO KRiLL BERLiN<\/h2>\n\n\n\n<p>Gustav-Adolf-Str. 151<br>13086 Berlin-Wei\u00dfensee<\/p>\n\n\n\n<p><strong>All Styles<\/strong><\/p>\n\n\n\n<p>Opening hours<\/p>\n\n\n\n<p class=\"hide\"><strong><mark style=\"background-color:rgba(0, 0, 0, 0)\" class=\"has-inline-color has-pale-pink-color\">The studio is closed until Tuesday, December 3rd.<br>From Wednesday, December 4, we will be open again from 1 to 7 pm.<br>You can find us at Heim+Handwerk in Munich from 27.11. to 1.12. in hall B6 at stand 326.<\/mark><\/strong><\/p>\n\n\n\n<p>Tue \u2013 Fri &nbsp; 1 pm \u2013 7 pm<br>and by appointment<\/p>\n\n\n\n<p class=\"hide has-pale-pink-color has-text-color\">At the moment the studio is open without fixed times. Please feel free to drop by or make an appointment by <a href=\"m&#97;&#105;&#x6c;&#x74;o:&#104;&#101;&#x6c;&#x6c;o&#64;&#107;&#114;&#x69;&#x6c;l&#46;&#98;&#x65;&#x72;&#x6c;i&#110;\">mail<\/a> or by calling 0162 9277633.<\/p>\n<\/div>\n\n\n\n<div class=\"wp-block-column is-layout-flow wp-block-column-is-layout-flow\"><\/div>\n\n\n\n<div class=\"wp-block-column is-layout-flow wp-block-column-is-layout-flow\"><\/div>\n<\/div>\n\n\n\n<div style=\"height:20px\" aria-hidden=\"true\" class=\"wp-block-spacer hide\"><\/div>\n\n\n\n<h2 class=\"wp-block-heading h1\">Stockists<\/h2>\n\n\n\n<div style=\"height:40px\" aria-hidden=\"true\" class=\"wp-block-spacer\"><\/div>\n\n\n\n<div class=\"wp-block-columns is-layout-flex wp-container-core-columns-is-layout-9d6595d7 wp-block-columns-is-layout-flex\">\n<div class=\"wp-block-column is-layout-flow wp-block-column-is-layout-flow\">\n<h2 class=\"wp-block-heading h3\">eRBe | RAIMAR BRADT<\/h2>\n\n\n\n<p>K\u00f6nigstra\u00dfe 147<br>90762 F\u00fcrth<br>Germany<\/p>\n\n\n\n<p><strong>Selected Styles \/ Special Editions<\/strong><\/p>\n\n\n\n<p class=\"hide-mobile hide-tablet hide-desktop\">Opening hours<br>Mo \u2013 Sat &nbsp; 11 am &#8211; 6 pm<\/p>\n<\/div>\n\n\n\n<div class=\"wp-block-column is-layout-flow wp-block-column-is-layout-flow\">\n<h2 class=\"wp-block-heading h3\">maesh &amp; friends<\/h2>\n\n\n\n<p>Lister Meile 47<br>30161 Hannover<br>Germany<\/p>\n\n\n\n<p><strong>Selected Styles<\/strong><\/p>\n\n\n\n<p class=\"hide-mobile hide-tablet hide-desktop\">Opening hours<br>Mo \u2013 Fr: 11 am \u2013 7 pm<br>Sa: 11 am \u2013 6 pm<\/p>\n<\/div>\n\n\n\n<div class=\"wp-block-column is-layout-flow wp-block-column-is-layout-flow\">\n<h2 class=\"wp-block-heading h3\">RESPCT.ME<br>GALLERY<\/h2>\n\n\n\n<p>Donnersbergerstr. 26<br>80634 M\u00fcnchen<br>Germany<\/p>\n\n\n\n<p><strong>Selected Styles \/ Special Editions<\/strong><\/p>\n<\/div>\n<\/div>\n\n\n\n<div style=\"height:40px\" aria-hidden=\"true\" class=\"wp-block-spacer hide-mobile\"><\/div>\n\n\n\n<div style=\"height:40px\" aria-hidden=\"true\" class=\"wp-block-spacer hide-mobile\"><\/div>\n\n\n\n<div class=\"wp-block-columns is-layout-flex wp-container-core-columns-is-layout-9d6595d7 wp-block-columns-is-layout-flex\">\n<div class=\"wp-block-column is-layout-flow wp-block-column-is-layout-flow\">\n<h2 class=\"wp-block-heading\">Tokyo Joe<\/h2>\n\n\n\n<p>Industriestra\u00dfe 24<br>04229 Leipzig<br>Germany<\/p>\n\n\n\n<p><strong>Selected Styles<\/strong><\/p>\n\n\n\n<p class=\"hide-mobile hide-tablet hide-desktop\">Opening hours<br>Mo \u2013 Fr &nbsp; 12 am \u2013 7 pm<br>Sa &nbsp; 11 am \u2013 6 pm<\/p>\n<\/div>\n\n\n\n<div class=\"wp-block-column is-layout-flow wp-block-column-is-layout-flow\">\n<h2 class=\"wp-block-heading h3\">z\u00e4m\u00e4 Z\u00dcRICH<\/h2>\n\n\n\n<p>Lagerstrasse 34<br>8004 Z\u00fcrich<br>Switzerland<\/p>\n\n\n\n<p><strong>Selected Styles<\/strong><\/p>\n\n\n\n<p class=\"hide-mobile hide-tablet hide-desktop\">Opening hours<br>Mo \u2013 Fr &nbsp; 11 am \u2013 7 pm<br>Sa &nbsp; 11 am \u2013 6 pm<\/p>\n<\/div>\n\n\n\n<div class=\"wp-block-column is-layout-flow wp-block-column-is-layout-flow\"><\/div>\n<\/div>\n\n\n\n<div style=\"height:50px\" aria-hidden=\"true\" class=\"wp-block-spacer\"><\/div>\n\n\n\n<h2 class=\"wp-block-heading h1\" id=\"b2b\">Wholesale \/ B2B<\/h2>\n\n\n\n<div style=\"height:40px\" aria-hidden=\"true\" class=\"wp-block-spacer\"><\/div>\n\n\n\n<div class=\"wp-block-buttons is-layout-flex wp-block-buttons-is-layout-flex\">\n<div class=\"wp-block-button is-style-outline is-style-outline--1\"><a class=\"wp-block-button__link wp-element-button\" href=\"&#x6d;&#97;i&#x6c;&#x74;&#111;:&#x6f;&#x66;&#102;i&#x63;&#x65;&#64;k&#x72;&#x69;&#108;l&#x2e;&#98;&#101;r&#x6c;&#105;n\" style=\"border-radius:0px\">B2B inquiry<\/a><\/div>\n<\/div>\n","protected":false},"excerpt":{"rendered":"<p>Here you can find us at the moment STUDiO KRiLL BERLiN Gustav-Adolf-Str. 15113086 Berlin-Wei\u00dfensee All Styles Stockists eRBe | RAIMAR BRADT K\u00f6nigstra\u00dfe 14790762 F\u00fcrthGermany Selected Styles \/ Special Editions Opening hoursMo \u2013 Sat &nbsp; 11 am &#8211; 6 pm maesh &amp; friends Lister Meile 4730161 HannoverGermany Selected Styles Opening hoursMo \u2013 Fr: 11 am \u2013 [&hellip;]<\/p>\n","protected":false},"author":1,"featured_media":0,"parent":0,"menu_order":50,"comment_status":"closed","ping_status":"closed","template":"","meta":{"footnotes":""},"class_list":["post-2539","page","type-page","status-publish","hentry","isotope-item"],"_links":{"self":[{"href":"https:\/\/krill.berlin\/en\/wp-json\/wp\/v2\/pages\/2539","targetHints":{"allow":["GET"]}}],"collection":[{"href":"https:\/\/krill.berlin\/en\/wp-json\/wp\/v2\/pages"}],"about":[{"href":"https:\/\/krill.berlin\/en\/wp-json\/wp\/v2\/types\/page"}],"author":[{"embeddable":true,"href":"https:\/\/krill.berlin\/en\/wp-json\/wp\/v2\/users\/1"}],"replies":[{"embeddable":true,"href":"https:\/\/krill.berlin\/en\/wp-json\/wp\/v2\/comments?post=2539"}],"version-history":[{"count":7,"href":"https:\/\/krill.berlin\/en\/wp-json\/wp\/v2\/pages\/2539\/revisions"}],"predecessor-version":[{"id":7276,"href":"https:\/\/krill.berlin\/en\/wp-json\/wp\/v2\/pages\/2539\/revisions\/7276"}],"wp:attachment":[{"href":"https:\/\/krill.berlin\/en\/wp-json\/wp\/v2\/media?parent=2539"}],"curies":[{"name":"wp","href":"https:\/\/api.w.org\/{rel}","templated":true}]}}